{"id":6762,"date":"2020-09-06T15:17:14","date_gmt":"2021-01-20T15:17:16","guid":{"rendered":"https:\/\/turaventur.com\/?post_type=product&#038;p=6762"},"modified":"2021-03-13T08:51:12","modified_gmt":"2021-03-13T08:51:12","slug":"classic-cars-portugal","status":"publish","type":"product","link":"https:\/\/turaventur.com\/en\/tours\/classic-cars-portugal\/","title":{"rendered":"2014 \u2013 1000 Classic"},"content":{"rendered":"<h3 style=\"text-align: justify;\">HIGHLIGHTS<br \/>\n<em>Classic cars Portugal<\/em><\/h3>\n<h3 style=\"text-align: justify;\"><img loading=\"lazy\" decoding=\"async\" class=\"alignright wp-image-7449\" src=\"https:\/\/turaventur.com\/wp-content\/uploads\/2020\/09\/logo-milmilhas.jpg\" alt=\"\" width=\"185\" height=\"185\" srcset=\"https:\/\/turaventur.com\/wp-content\/uploads\/2020\/09\/logo-milmilhas.jpg 1181w, https:\/\/turaventur.com\/wp-content\/uploads\/2020\/09\/logo-milmilhas-300x300.jpg 300w, https:\/\/turaventur.com\/wp-content\/uploads\/2020\/09\/logo-milmilhas-1024x1024.jpg 1024w, https:\/\/turaventur.com\/wp-content\/uploads\/2020\/09\/logo-milmilhas-150x150.jpg 150w, https:\/\/turaventur.com\/wp-content\/uploads\/2020\/09\/logo-milmilhas-768x768.jpg 768w, https:\/\/turaventur.com\/wp-content\/uploads\/2020\/09\/logo-milmilhas-600x600.jpg 600w\" sizes=\"auto, (max-width: 185px) 100vw, 185px\" \/><\/h3>\n<p style=\"text-align: justify;\">The first challenge was to take a different route. Beaten, as you can see on the map.<\/p>\n<p style=\"text-align: justify;\">The second was to exceed the participants&#8217; high expectations. Beaten, as we saw by the compliments received.<\/p>\n<p style=\"text-align: justify;\">The third was to continue to discover this wonderful country in good company. And so it was.<\/p>\n<p style=\"text-align: justify;\">This time we started in the cradle of the nation, Guimar\u00e3es, with a fantastic cocktail on the inn&#8217;s balcony. Then we paraded to the Historic Center where we parked &#8211; or rather posed, in front of the beautiful building of the City Hall.<\/p>\n<p style=\"text-align: justify;\">On unforgettable roads, we headed to Bragan\u00e7a and then to the hidden and picturesque village of Marialva, where a fantastic dinner was waiting for us.<\/p>\n<p style=\"text-align: justify;\">We went through Tomar and, heading south, we stopped in \u00c9vora, a World Heritage Site, where we slept in the magnificent Convento do Espinheiro. Here we accelerated around the kart track and posed next to the Roman temple. We went down to Est\u00f3i and again used the engines at the Portim\u00e3o race track. We stayed overnight in Sagres, with dinner overlooking the rugged cliffs and went up to Alc\u00e1cer where our friend Miguel Portela de Morais opened our doors for a superb lunch.<\/p>\n<p style=\"text-align: justify;\">We finished as we started, in World Heritage, this time in Sintra, as beautiful as our vehicles!<\/p>\n<p>To book our Classic cars Portugal tours, <a href=\"https:\/\/turaventur.com\/en\/contacts\/\" target=\"_blank\" rel=\"noopener\">contact us<\/a>!<\/p>\n","protected":false},"excerpt":{"rendered":"<p style=\"text-align: justify;\">The success of the 1st edition was such that we had to repeat! Different itinerary, because Portugal has a thousand ways to explore!<\/p>\n","protected":false},"featured_media":7046,"comment_status":"open","ping_status":"closed","template":"","meta":{"_acf_changed":false,"footnotes":""},"product_brand":[],"product_cat":[215],"product_tag":[],"class_list":{"0":"post-6762","1":"product","2":"type-product","3":"status-publish","4":"has-post-thumbnail","6":"product_cat-atividades-en","7":"pa_tipo-tour-gastronomy-crafts-heritage","8":"tour_category-classic-cars","10":"first","11":"instock","12":"featured","13":"virtual","14":"product-type-tour"},"acf":[],"yoast_head":"<!-- This site is optimized with the Yoast SEO plugin v27.2 - https:\/\/yoast.com\/product\/yoast-seo-wordpress\/ -->\n<title>Classic cars Portugal - one week holiday in your classic car<\/title>\n<meta name=\"description\" content=\"Classic cars Portugal. one week events. Your classic car holiday! Book now for next edition! Great hotels, super service!\" \/>\n<meta name=\"robots\" content=\"index, follow, max-snippet:-1, max-image-preview:large, max-video-preview:-1\" \/>\n<link rel=\"canonical\" href=\"https:\/\/turaventur.com\/tours\/passeio-de-classicos-em-portugal-2014-mil-milhas\/\" \/>\n<meta property=\"og:locale\" content=\"en_US\" \/>\n<meta property=\"og:type\" content=\"article\" \/>\n<meta property=\"og:title\" content=\"Classic cars Portugal - one week holiday in your classic car\" \/>\n<meta property=\"og:description\" content=\"Classic cars Portugal. one week events. Your classic car holiday! Book now for next edition! Great hotels, super service!\" \/>\n<meta property=\"og:url\" content=\"https:\/\/turaventur.com\/tours\/passeio-de-classicos-em-portugal-2014-mil-milhas\/\" \/>\n<meta property=\"og:site_name\" content=\"Turaventur\" \/>\n<meta property=\"article:modified_time\" content=\"2021-03-13T08:51:12+00:00\" \/>\n<meta property=\"og:image\" content=\"https:\/\/turaventur.com\/wp-content\/uploads\/2021\/02\/5.4.jpg\" \/>\n\t<meta property=\"og:image:width\" content=\"1280\" \/>\n\t<meta property=\"og:image:height\" content=\"853\" \/>\n\t<meta property=\"og:image:type\" content=\"image\/jpeg\" \/>\n<meta name=\"twitter:card\" content=\"summary_large_image\" \/>\n<meta name=\"twitter:label1\" content=\"Est. reading time\" \/>\n\t<meta name=\"twitter:data1\" content=\"2 minutes\" \/>\n<script type=\"application\/ld+json\" class=\"yoast-schema-graph\">{\"@context\":\"https:\/\/schema.org\",\"@graph\":[{\"@type\":\"WebPage\",\"@id\":\"https:\/\/turaventur.com\/tours\/passeio-de-classicos-em-portugal-2014-mil-milhas\/\",\"url\":\"https:\/\/turaventur.com\/tours\/passeio-de-classicos-em-portugal-2014-mil-milhas\/\",\"name\":\"Classic cars Portugal - one week holiday in your classic car\",\"isPartOf\":{\"@id\":\"https:\/\/turaventur.com\/#website\"},\"primaryImageOfPage\":{\"@id\":\"https:\/\/turaventur.com\/tours\/passeio-de-classicos-em-portugal-2014-mil-milhas\/#primaryimage\"},\"image\":{\"@id\":\"https:\/\/turaventur.com\/tours\/passeio-de-classicos-em-portugal-2014-mil-milhas\/#primaryimage\"},\"thumbnailUrl\":\"https:\/\/turaventur.com\/wp-content\/uploads\/2021\/02\/5.4.jpg\",\"datePublished\":\"2021-01-20T15:17:16+00:00\",\"dateModified\":\"2021-03-13T08:51:12+00:00\",\"description\":\"Classic cars Portugal. one week events. Your classic car holiday! Book now for next edition! Great hotels, super service!\",\"breadcrumb\":{\"@id\":\"https:\/\/turaventur.com\/tours\/passeio-de-classicos-em-portugal-2014-mil-milhas\/#breadcrumb\"},\"inLanguage\":\"en-US\",\"potentialAction\":[{\"@type\":\"ReadAction\",\"target\":[\"https:\/\/turaventur.com\/tours\/passeio-de-classicos-em-portugal-2014-mil-milhas\/\"]}]},{\"@type\":\"ImageObject\",\"inLanguage\":\"en-US\",\"@id\":\"https:\/\/turaventur.com\/tours\/passeio-de-classicos-em-portugal-2014-mil-milhas\/#primaryimage\",\"url\":\"https:\/\/turaventur.com\/wp-content\/uploads\/2021\/02\/5.4.jpg\",\"contentUrl\":\"https:\/\/turaventur.com\/wp-content\/uploads\/2021\/02\/5.4.jpg\",\"width\":1280,\"height\":853,\"caption\":\"Classic cars Portugal\"},{\"@type\":\"BreadcrumbList\",\"@id\":\"https:\/\/turaventur.com\/tours\/passeio-de-classicos-em-portugal-2014-mil-milhas\/#breadcrumb\",\"itemListElement\":[{\"@type\":\"ListItem\",\"position\":1,\"name\":\"In\u00edcio\",\"item\":\"https:\/\/turaventur.com\/en\/home\/\"},{\"@type\":\"ListItem\",\"position\":2,\"name\":\"Loja\",\"item\":\"https:\/\/turaventur.com\/loja\/\"},{\"@type\":\"ListItem\",\"position\":3,\"name\":\"2014 \u2013 1000 Classic\"}]},{\"@type\":\"WebSite\",\"@id\":\"https:\/\/turaventur.com\/#website\",\"url\":\"https:\/\/turaventur.com\/\",\"name\":\"Turaventur\",\"description\":\"Aventura e Turismo, LDA.\",\"publisher\":{\"@id\":\"https:\/\/turaventur.com\/#organization\"},\"potentialAction\":[{\"@type\":\"SearchAction\",\"target\":{\"@type\":\"EntryPoint\",\"urlTemplate\":\"https:\/\/turaventur.com\/?s={search_term_string}\"},\"query-input\":{\"@type\":\"PropertyValueSpecification\",\"valueRequired\":true,\"valueName\":\"search_term_string\"}}],\"inLanguage\":\"en-US\"},{\"@type\":\"Organization\",\"@id\":\"https:\/\/turaventur.com\/#organization\",\"name\":\"Turaventur\",\"url\":\"https:\/\/turaventur.com\/\",\"logo\":{\"@type\":\"ImageObject\",\"inLanguage\":\"en-US\",\"@id\":\"https:\/\/turaventur.com\/#\/schema\/logo\/image\/\",\"url\":\"https:\/\/turaventur.com\/wp-content\/uploads\/2019\/03\/logotipo-tur.png\",\"contentUrl\":\"https:\/\/turaventur.com\/wp-content\/uploads\/2019\/03\/logotipo-tur.png\",\"width\":424,\"height\":93,\"caption\":\"Turaventur\"},\"image\":{\"@id\":\"https:\/\/turaventur.com\/#\/schema\/logo\/image\/\"},\"sameAs\":[\"https:\/\/www.instagram.com\/turaventur\/?hl=pt\"]}]}<\/script>\n<!-- \/ Yoast SEO plugin. -->","yoast_head_json":{"title":"Classic cars Portugal - one week holiday in your classic car","description":"Classic cars Portugal. one week events. Your classic car holiday! Book now for next edition! Great hotels, super service!","robots":{"index":"index","follow":"follow","max-snippet":"max-snippet:-1","max-image-preview":"max-image-preview:large","max-video-preview":"max-video-preview:-1"},"canonical":"https:\/\/turaventur.com\/tours\/passeio-de-classicos-em-portugal-2014-mil-milhas\/","og_locale":"en_US","og_type":"article","og_title":"Classic cars Portugal - one week holiday in your classic car","og_description":"Classic cars Portugal. one week events. Your classic car holiday! Book now for next edition! Great hotels, super service!","og_url":"https:\/\/turaventur.com\/tours\/passeio-de-classicos-em-portugal-2014-mil-milhas\/","og_site_name":"Turaventur","article_modified_time":"2021-03-13T08:51:12+00:00","og_image":[{"width":1280,"height":853,"url":"https:\/\/turaventur.com\/wp-content\/uploads\/2021\/02\/5.4.jpg","type":"image\/jpeg"}],"twitter_card":"summary_large_image","twitter_misc":{"Est. reading time":"2 minutes"},"schema":{"@context":"https:\/\/schema.org","@graph":[{"@type":"WebPage","@id":"https:\/\/turaventur.com\/tours\/passeio-de-classicos-em-portugal-2014-mil-milhas\/","url":"https:\/\/turaventur.com\/tours\/passeio-de-classicos-em-portugal-2014-mil-milhas\/","name":"Classic cars Portugal - one week holiday in your classic car","isPartOf":{"@id":"https:\/\/turaventur.com\/#website"},"primaryImageOfPage":{"@id":"https:\/\/turaventur.com\/tours\/passeio-de-classicos-em-portugal-2014-mil-milhas\/#primaryimage"},"image":{"@id":"https:\/\/turaventur.com\/tours\/passeio-de-classicos-em-portugal-2014-mil-milhas\/#primaryimage"},"thumbnailUrl":"https:\/\/turaventur.com\/wp-content\/uploads\/2021\/02\/5.4.jpg","datePublished":"2021-01-20T15:17:16+00:00","dateModified":"2021-03-13T08:51:12+00:00","description":"Classic cars Portugal. one week events. Your classic car holiday! Book now for next edition! Great hotels, super service!","breadcrumb":{"@id":"https:\/\/turaventur.com\/tours\/passeio-de-classicos-em-portugal-2014-mil-milhas\/#breadcrumb"},"inLanguage":"en-US","potentialAction":[{"@type":"ReadAction","target":["https:\/\/turaventur.com\/tours\/passeio-de-classicos-em-portugal-2014-mil-milhas\/"]}]},{"@type":"ImageObject","inLanguage":"en-US","@id":"https:\/\/turaventur.com\/tours\/passeio-de-classicos-em-portugal-2014-mil-milhas\/#primaryimage","url":"https:\/\/turaventur.com\/wp-content\/uploads\/2021\/02\/5.4.jpg","contentUrl":"https:\/\/turaventur.com\/wp-content\/uploads\/2021\/02\/5.4.jpg","width":1280,"height":853,"caption":"Classic cars Portugal"},{"@type":"BreadcrumbList","@id":"https:\/\/turaventur.com\/tours\/passeio-de-classicos-em-portugal-2014-mil-milhas\/#breadcrumb","itemListElement":[{"@type":"ListItem","position":1,"name":"In\u00edcio","item":"https:\/\/turaventur.com\/en\/home\/"},{"@type":"ListItem","position":2,"name":"Loja","item":"https:\/\/turaventur.com\/loja\/"},{"@type":"ListItem","position":3,"name":"2014 \u2013 1000 Classic"}]},{"@type":"WebSite","@id":"https:\/\/turaventur.com\/#website","url":"https:\/\/turaventur.com\/","name":"Turaventur","description":"Aventura e Turismo, LDA.","publisher":{"@id":"https:\/\/turaventur.com\/#organization"},"potentialAction":[{"@type":"SearchAction","target":{"@type":"EntryPoint","urlTemplate":"https:\/\/turaventur.com\/?s={search_term_string}"},"query-input":{"@type":"PropertyValueSpecification","valueRequired":true,"valueName":"search_term_string"}}],"inLanguage":"en-US"},{"@type":"Organization","@id":"https:\/\/turaventur.com\/#organization","name":"Turaventur","url":"https:\/\/turaventur.com\/","logo":{"@type":"ImageObject","inLanguage":"en-US","@id":"https:\/\/turaventur.com\/#\/schema\/logo\/image\/","url":"https:\/\/turaventur.com\/wp-content\/uploads\/2019\/03\/logotipo-tur.png","contentUrl":"https:\/\/turaventur.com\/wp-content\/uploads\/2019\/03\/logotipo-tur.png","width":424,"height":93,"caption":"Turaventur"},"image":{"@id":"https:\/\/turaventur.com\/#\/schema\/logo\/image\/"},"sameAs":["https:\/\/www.instagram.com\/turaventur\/?hl=pt"]}]}},"_links":{"self":[{"href":"https:\/\/turaventur.com\/en\/wp-json\/wp\/v2\/product\/6762","targetHints":{"allow":["GET"]}}],"collection":[{"href":"https:\/\/turaventur.com\/en\/wp-json\/wp\/v2\/product"}],"about":[{"href":"https:\/\/turaventur.com\/en\/wp-json\/wp\/v2\/types\/product"}],"replies":[{"embeddable":true,"href":"https:\/\/turaventur.com\/en\/wp-json\/wp\/v2\/comments?post=6762"}],"version-history":[{"count":12,"href":"https:\/\/turaventur.com\/en\/wp-json\/wp\/v2\/product\/6762\/revisions"}],"predecessor-version":[{"id":7507,"href":"https:\/\/turaventur.com\/en\/wp-json\/wp\/v2\/product\/6762\/revisions\/7507"}],"wp:featuredmedia":[{"embeddable":true,"href":"https:\/\/turaventur.com\/en\/wp-json\/wp\/v2\/media\/7046"}],"wp:attachment":[{"href":"https:\/\/turaventur.com\/en\/wp-json\/wp\/v2\/media?parent=6762"}],"wp:term":[{"taxonomy":"product_brand","embeddable":true,"href":"https:\/\/turaventur.com\/en\/wp-json\/wp\/v2\/product_brand?post=6762"},{"taxonomy":"product_cat","embeddable":true,"href":"https:\/\/turaventur.com\/en\/wp-json\/wp\/v2\/product_cat?post=6762"},{"taxonomy":"product_tag","embeddable":true,"href":"https:\/\/turaventur.com\/en\/wp-json\/wp\/v2\/product_tag?post=6762"}],"curies":[{"name":"wp","href":"https:\/\/api.w.org\/{rel}","templated":true}]}}