{"id":6777,"date":"2021-01-22T11:46:25","date_gmt":"2021-01-22T11:46:26","guid":{"rendered":"https:\/\/turaventur.com\/?post_type=product&#038;p=6777"},"modified":"2024-07-14T02:07:27","modified_gmt":"2024-07-14T02:07:27","slug":"classic-car-tours-reviews","status":"publish","type":"product","link":"https:\/\/turaventur.com\/en\/tours\/classic-car-tours-reviews\/","title":{"rendered":"Testimonials"},"content":{"rendered":"[vc_row][vc_column][vc_column_text]\n<h4>REVIEWS DE CLIENTES EM PASSEIO DE CARROS CL\u00c1SSICOS<\/h4>\n<p>Reviews de clientes em passeio de carros cl\u00e1ssicos. Pessoas reais a falar sobre experi\u00eancias verdadeiras![\/vc_column_text][\/vc_column][\/vc_row][vc_row gap=&#8221;20&#8243; equal_height=&#8221;yes&#8221; css=&#8221;.vc_custom_1546908615536{margin-bottom: 20px !important;}&#8221;][vc_column width=&#8221;1\/3&#8243; css=&#8221;.vc_custom_1546908237667{background-color: #f9f9f9 !important;border-radius: 15px !important;}&#8221;][vc_single_image image=&#8221;7477&#8243; img_size=&#8221;200&#215;200&#8243; alignment=&#8221;center&#8221; style=&#8221;vc_box_border_circle_2&#8243; css_animation=&#8221;fadeIn&#8221;][vc_custom_heading text=&#8221;Bruce Duckworth&#8221; font_container=&#8221;tag:h1|font_size:34px|text_align:center&#8221; google_fonts=&#8221;font_family:Love%20Ya%20Like%20A%20Sister%3Aregular|font_style:400%20regular%3A400%3Anormal&#8221; css_animation=&#8221;none&#8221; css=&#8221;.vc_custom_1612806441829{margin-bottom: 0px !important;padding-bottom: 0px !important;}&#8221;][vc_custom_heading text=&#8221;Edition 2018&#8243; font_container=&#8221;tag:h5|text_align:center|color:%23e59022&#8243; google_fonts=&#8221;font_family:Love%20Ya%20Like%20A%20Sister%3Aregular|font_style:400%20regular%3A400%3Anormal&#8221; css_animation=&#8221;none&#8221; css=&#8221;.vc_custom_1612972611540{margin-bottom: 0px !important;padding-bottom: 0px !important;}&#8221;][vc_column_text]\n<div dir=\"auto\">&#8220;Teresa and her team organised the best car tour we&#8217;ve been on. Great driving roads across beautiful scenery, sometimes easy driving, sometimes challenging routes, always fun. We ended up in the most amazing places that she knows about because of her local knowledge . Places you would never have found on your own. We&#8217;ll be back for more!&#8221;<\/div>\n<div dir=\"auto\"><\/div>\n[\/vc_column_text][\/vc_column][vc_column width=&#8221;1\/3&#8243; css=&#8221;.vc_custom_1546908221495{background-color: #f9f9f9 !important;border-radius: 15px !important;}&#8221;][vc_single_image image=&#8221;7481&#8243; img_size=&#8221;200&#215;200&#8243; alignment=&#8221;center&#8221; style=&#8221;vc_box_border_circle_2&#8243; css_animation=&#8221;fadeIn&#8221;][vc_custom_heading text=&#8221;Sharon and Robert Giannone&#8221; font_container=&#8221;tag:h1|font_size:34px|text_align:center&#8221; google_fonts=&#8221;font_family:Love%20Ya%20Like%20A%20Sister%3Aregular|font_style:400%20regular%3A400%3Anormal&#8221; css_animation=&#8221;none&#8221; css=&#8221;.vc_custom_1613060193588{margin-bottom: 0px !important;padding-bottom: 0px !important;}&#8221;][vc_custom_heading text=&#8221;Editions 2013, 2014, 2020&#8243; font_container=&#8221;tag:h5|text_align:center|color:%23e59022&#8243; google_fonts=&#8221;font_family:Love%20Ya%20Like%20A%20Sister%3Aregular|font_style:400%20regular%3A400%3Anormal&#8221; css_animation=&#8221;none&#8221; css=&#8221;.vc_custom_1612972664896{margin-bottom: 0px !important;padding-bottom: 0px !important;}&#8221;][vc_column_text]&#8221;Many thanks to Teresa and her great organization Turaventur, for her personal touch, the way she transmits her love for Portugal and shares all of its beauty. She and her team took a group in their 12 (?) classic cars on a glorious bespoke three day journey of Covid-safe travel, culture, picnics, good food and good company. The road books were professional and clear but with some interesting challenges making for a fun, stress-free ride. I\u2019m ready for the next one!&#8221;[\/vc_column_text][\/vc_column][vc_column width=&#8221;1\/3&#8243; css=&#8221;.vc_custom_1546908170283{background-color: #f9f9f9 !important;border-radius: 15px !important;}&#8221;][vc_single_image image=&#8221;7800&#8243; img_size=&#8221;200&#215;200&#8243; alignment=&#8221;center&#8221; style=&#8221;vc_box_border_circle_2&#8243; css_animation=&#8221;fadeIn&#8221;][vc_custom_heading text=&#8221;Jo and Graham&#8221; font_container=&#8221;tag:h1|font_size:34px|text_align:center&#8221; google_fonts=&#8221;font_family:Love%20Ya%20Like%20A%20Sister%3Aregular|font_style:400%20regular%3A400%3Anormal&#8221; css_animation=&#8221;none&#8221; css=&#8221;.vc_custom_1615486198360{margin-bottom: 0px !important;padding-bottom: 0px !important;}&#8221;][vc_custom_heading text=&#8221;Edition 2018&#8243; font_container=&#8221;tag:h5|text_align:center|color:%23e59022&#8243; google_fonts=&#8221;font_family:Love%20Ya%20Like%20A%20Sister%3Aregular|font_style:400%20regular%3A400%3Anormal&#8221; css_animation=&#8221;none&#8221; css=&#8221;.vc_custom_1615556618012{margin-bottom: 0px !important;padding-bottom: 0px !important;}&#8221;][vc_column_text]\u201cWe brought our Jaguar E Type from England to Portugal to participate in the 2018 1000 mile tour. The roads we travelled were perfect for classic cars \u2013 winding, scenic and with virtually no other traffic. We saw beautiful countryside and spectacular historic towns and castles, and enjoyed great camaraderie with our fellow participants along the way. The quality of the hotels and restaurants was outstanding, and the organisation from Teresa and her team was impeccable but never intrusive. We look forward to our next visit.\u201d[\/vc_column_text][\/vc_column][\/vc_row][vc_row gap=&#8221;20&#8243; equal_height=&#8221;yes&#8221; css=&#8221;.vc_custom_1546908615536{margin-bottom: 20px !important;}&#8221;][vc_column width=&#8221;1\/3&#8243; css=&#8221;.vc_custom_1546908237667{background-color: #f9f9f9 !important;border-radius: 15px !important;}&#8221;][vc_single_image image=&#8221;6950&#8243; img_size=&#8221;200&#215;200&#8243; alignment=&#8221;center&#8221; style=&#8221;vc_box_border_circle_2&#8243; css_animation=&#8221;fadeIn&#8221;][vc_custom_heading text=&#8221;Francisca Roque de Pinho&#8221; font_container=&#8221;tag:h1|font_size:34px|text_align:center&#8221; google_fonts=&#8221;font_family:Love%20Ya%20Like%20A%20Sister%3Aregular|font_style:400%20regular%3A400%3Anormal&#8221; css_animation=&#8221;none&#8221; css=&#8221;.vc_custom_1612808616512{margin-bottom: 0px !important;padding-bottom: 0px !important;}&#8221;][vc_custom_heading text=&#8221;Editions 2013, 2014, 2015, 2020&#8243; font_container=&#8221;tag:h5|text_align:center|color:%23e59022&#8243; google_fonts=&#8221;font_family:Love%20Ya%20Like%20A%20Sister%3Aregular|font_style:400%20regular%3A400%3Anormal&#8221; css_animation=&#8221;none&#8221; css=&#8221;.vc_custom_1612808797498{margin-bottom: 0px !important;padding-bottom: 0px !important;}&#8221;][vc_column_text]\n<div dir=\"auto\" style=\"text-align: justify;\">A viver na Su\u00ed\u00e7a, era deslumbrada que os via passar em fila colorida, variada em gostos e estilos, normalmente em dias de sol, depois de Inverno rigoroso.<\/div>\n<div dir=\"auto\" style=\"text-align: justify;\">De regresso ao pa\u00eds, foi pela m\u00e3o do Pedro e da Ana que entr\u00e1mos no mundo dos carros cl\u00e1ssicos. Hoje em dia, com a Teresa e a sua maravilhosa equipa sinto a cada vez o mesmo deslumbramento, mas com a vantagem de o viver de cabelos e nariz ao vento,\u00a0fazendo parte da mesma fila colorida e variada em estilos e gostos, visitando os recantos mais encantadores de Portugal, num consolo sempre renovado pela beleza e os momentos deliciosos que s\u00f3 estes passeios sabem proporcionar. Sou sem d\u00favida uma mulher de sorte!<\/div>\n[\/vc_column_text][\/vc_column][vc_column width=&#8221;1\/3&#8243; css=&#8221;.vc_custom_1546908221495{background-color: #f9f9f9 !important;border-radius: 15px !important;}&#8221;][vc_single_image image=&#8221;7485&#8243; img_size=&#8221;200&#215;200&#8243; alignment=&#8221;center&#8221; style=&#8221;vc_box_border_circle_2&#8243; css_animation=&#8221;fadeIn&#8221;][vc_custom_heading text=&#8221;Geoffrey Crossley&#8221; font_container=&#8221;tag:h1|font_size:34px|text_align:center&#8221; google_fonts=&#8221;font_family:Love%20Ya%20Like%20A%20Sister%3Aregular|font_style:400%20regular%3A400%3Anormal&#8221; css_animation=&#8221;none&#8221; css=&#8221;.vc_custom_1612802554686{margin-bottom: 0px !important;padding-bottom: 0px !important;}&#8221;][vc_custom_heading text=&#8221;Edition 2018&#8243; font_container=&#8221;tag:h5|text_align:center|color:%23e59022&#8243; google_fonts=&#8221;font_family:Love%20Ya%20Like%20A%20Sister%3Aregular|font_style:400%20regular%3A400%3Anormal&#8221; css_animation=&#8221;none&#8221; css=&#8221;.vc_custom_1612972699604{margin-bottom: 0px !important;padding-bottom: 0px !important;}&#8221;][vc_column_text]<span style=\"text-align: justify;\">&#8220;It has been a real pleasure to participate in both the week long Mil Milhas tour of Portugal and in the two day Alentejo tour, with breathtaking scenery and great roads . The organisation is impeccable, from hotels to catering to the amazing road-books. So\u00a0 the things that go hilariously wrong are always down to our own poor classic car preparation, o<\/span><span style=\"text-align: justify;\">r incompetent map-reading; but great epic stories get told at the bar before dinner, of breakdowns, roadside repairs and towtruck recoveries. And over the years what used to be slightly awkward clusters of portuguese and foreigners have now become a well-knit international group with lasting friendships, meeting up later in London, or Cannes or Sicily&#8230; Come and join us!&#8221;<\/span>[\/vc_column_text][\/vc_column][vc_column width=&#8221;1\/3&#8243; css=&#8221;.vc_custom_1546908170283{background-color: #f9f9f9 !important;border-radius: 15px !important;}&#8221;][vc_single_image image=&#8221;7331&#8243; img_size=&#8221;200&#215;200&#8243; alignment=&#8221;center&#8221; style=&#8221;vc_box_border_circle_2&#8243; css_animation=&#8221;fadeIn&#8221;][vc_custom_heading text=&#8221;Victor Gordillo&#8221; font_container=&#8221;tag:h1|font_size:34px|text_align:center&#8221; google_fonts=&#8221;font_family:Love%20Ya%20Like%20A%20Sister%3Aregular|font_style:400%20regular%3A400%3Anormal&#8221; css_animation=&#8221;none&#8221; css=&#8221;.vc_custom_1612801909954{margin-bottom: 0px !important;padding-bottom: 0px !important;}&#8221;][vc_custom_heading text=&#8221;Edition 2018&#8243; font_container=&#8221;tag:h5|text_align:center|color:%23e59022&#8243; google_fonts=&#8221;font_family:Love%20Ya%20Like%20A%20Sister%3Aregular|font_style:400%20regular%3A400%3Anormal&#8221; css_animation=&#8221;none&#8221; css=&#8221;.vc_custom_1612972611540{margin-bottom: 0px !important;padding-bottom: 0px !important;}&#8221;][vc_column_text]&#8221;I\u00a0 participated in the Classic Car Tour in 2018 and it has been one the best trips I have ever taken. Portugal is a beautiful country, one that is under explored in my opinion, and having had the opportunity to see its beautiful countryside in a convertible 1967 MG was a real privilege and pleasure. The organisation of the tour was top notch, from the long summerly lunches in beautiful country states, with amazing food and wines, to the support staff that took care of absolutely everything, including any mechanical issues, I really cannot recommend it enough. I am itching to repeat it!&#8221;[\/vc_column_text][\/vc_column][\/vc_row][vc_row gap=&#8221;20&#8243; equal_height=&#8221;yes&#8221; css=&#8221;.vc_custom_1546908615536{margin-bottom: 20px !important;}&#8221;][vc_column width=&#8221;1\/3&#8243; css=&#8221;.vc_custom_1546908237667{background-color: #f9f9f9 !important;border-radius: 15px !important;}&#8221;][vc_single_image image=&#8221;7329&#8243; img_size=&#8221;200&#215;200&#8243; alignment=&#8221;center&#8221; style=&#8221;vc_box_border_circle_2&#8243; css_animation=&#8221;fadeIn&#8221;][vc_custom_heading text=&#8221;Torquil McAlpine&#8221; font_container=&#8221;tag:h1|font_size:34px|text_align:center&#8221; google_fonts=&#8221;font_family:Love%20Ya%20Like%20A%20Sister%3Aregular|font_style:400%20regular%3A400%3Anormal&#8221; css_animation=&#8221;none&#8221; css=&#8221;.vc_custom_1612801844314{margin-bottom: 0px !important;padding-bottom: 0px !important;}&#8221;][vc_custom_heading text=&#8221;Editions 2014, 2015, 2018&#8243; font_container=&#8221;tag:h5|text_align:center|color:%23e59022&#8243; google_fonts=&#8221;font_family:Love%20Ya%20Like%20A%20Sister%3Aregular|font_style:400%20regular%3A400%3Anormal&#8221; css_animation=&#8221;none&#8221; css=&#8221;.vc_custom_1612972760379{margin-bottom: 0px !important;padding-bottom: 0px !important;}&#8221;][vc_column_text]\n<\/p><p style=\"font-weight: 400;\">&#8220;When we joined our first Portuguese Mil Milhas in 2014 we were the lone foreign couple amongst 30 participating classic cars; three outings later we were part of the furniture and \u00a0the group had become very cosmopolitan.<br \/>\nOur daily routings, meticulously prepared and choreographed by Teresa, took us to the backwoods of the country \u2013 up the Douro valley, the Alenteijo and the national park in the extreme South-West \u2013 all off the beaten track and far from the tourist centres. Needless to say, not everything went according to plan (particularly on the mechanical side, where the resourceful ministrations of the mechanics \u2013 Mito pai e filho \u2013 ensured more or less continuous progress!).<br \/>\nUnder Teresa\u2019s fastidious and intrepid leadership we have therefore seen the nooks and crannies of this delightful country, stayed in wonderful hotels (many of the histroric Pousadas) and eaten in delightful surroundings, sometimes with a glass (or several) in hand!<br \/>\nMany wonderful memories of this special understated Portuguese conviviality.<br \/>\nI would commend such an experience most warmly.&#8221;<\/p>\n[\/vc_column_text][\/vc_column][vc_column width=&#8221;1\/3&#8243; css=&#8221;.vc_custom_1546908221495{background-color: #f9f9f9 !important;border-radius: 15px !important;}&#8221;][vc_single_image image=&#8221;7325&#8243; img_size=&#8221;200&#215;200&#8243; alignment=&#8221;center&#8221; style=&#8221;vc_box_border_circle_2&#8243; css_animation=&#8221;fadeIn&#8221;][vc_custom_heading text=&#8221;Marcos Germano&#8221; font_container=&#8221;tag:h1|font_size:34px|text_align:center&#8221; google_fonts=&#8221;font_family:Love%20Ya%20Like%20A%20Sister%3Aregular|font_style:400%20regular%3A400%3Anormal&#8221; css_animation=&#8221;none&#8221; css=&#8221;.vc_custom_1612808050379{margin-bottom: 0px !important;padding-bottom: 0px !important;}&#8221;][vc_custom_heading text=&#8221;Editions 2018, 2020&#8243; font_container=&#8221;tag:h5|text_align:center|color:%23e59022&#8243; google_fonts=&#8221;font_family:Love%20Ya%20Like%20A%20Sister%3Aregular|font_style:400%20regular%3A400%3Anormal&#8221; css_animation=&#8221;none&#8221; css=&#8221;.vc_custom_1612972708056{margin-bottom: 0px !important;padding-bottom: 0px !important;}&#8221;][vc_column_text]<span style=\"text-align: justify;\">&#8220;\u00c9 a segunda vez que participamos do Classic e n\u00e3o vejo a hora desta pandemia terminar para ir ao pr\u00f3ximo!<br \/>\n<\/span><span style=\"text-align: justify;\">Vemos o cuidado com que tudo \u00e9 planejado assim que recebemos o Road Book no qual normalmente h\u00e1 ,al\u00e9m das coordenadas para o dia , um briefing sobre os lugares que vamos conhecer sempre ligados \u00e0 cultura de Portugal seja de interesse gastron\u00f4mico ou hist\u00f3rico!<br \/>\n<\/span><span style=\"text-align: justify;\">As rotas s\u00e3o tra\u00e7adas por estradas secund\u00e1rias, sem muito movimento, o que nos d\u00e1 a oportunidade de voltar no tempo e conhecer o estilo de vida que se levava no interior do pa\u00eds.<br \/>\n<\/span><span style=\"text-align: justify;\">A equipe toda \u00e9 muito sol\u00edcita, \u00f1 medindo esfor\u00e7os para solucionar qualquer tipo de problema! Mas \u00f1 se enganem, no fim do dia estamos exaustos, nada melhor que um bate-papo com os participantes para comentar as aventuras do dia e um belo vinho pra relaxar!&#8221;<\/span>[\/vc_column_text][\/vc_column][\/vc_row][vc_column width=&#8221;1\/3&#8243; css=&#8221;.vc_custom_1546908276440{background-color: #f9f9f9 !important;border-radius: 15px !important;}&#8221;][\/vc_column]\n","protected":false},"excerpt":{"rendered":"<p>Read our client&#8217;s testimonials. Real people giving real reviews. Heartfull texts from our guests, who keep coming back!<\/p>\n","protected":false},"featured_media":7338,"comment_status":"open","ping_status":"closed","template":"","meta":{"_acf_changed":false,"footnotes":""},"product_brand":[],"product_cat":[215],"product_tag":[],"class_list":{"0":"post-6777","1":"product","2":"type-product","3":"status-publish","4":"has-post-thumbnail","6":"product_cat-atividades-en","7":"tour_category-classic-cars","9":"first","10":"instock","11":"featured","12":"virtual","13":"product-type-tour"},"acf":[],"yoast_head":"<!-- This site is optimized with the Yoast SEO plugin v27.2 - https:\/\/yoast.com\/product\/yoast-seo-wordpress\/ -->\n<title>Classic car tours - reviews - 1000 miles around Portugal<\/title>\n<meta name=\"description\" content=\"Classic car tours - reviews - read our client&#039;s testimonials. Real people giving real reviews. Authentic testimonials. Contact us now!\" \/>\n<meta name=\"robots\" content=\"index, follow, max-snippet:-1, max-image-preview:large, max-video-preview:-1\" \/>\n<link rel=\"canonical\" href=\"https:\/\/turaventur.com\/tours\/testemunhos\/\" \/>\n<meta property=\"og:locale\" content=\"en_US\" \/>\n<meta property=\"og:type\" content=\"article\" \/>\n<meta property=\"og:title\" content=\"Classic car tours - reviews - 1000 miles around Portugal\" \/>\n<meta property=\"og:description\" content=\"Classic car tours - reviews - read our client&#039;s testimonials. Real people giving real reviews. Authentic testimonials. Contact us now!\" \/>\n<meta property=\"og:url\" content=\"https:\/\/turaventur.com\/tours\/testemunhos\/\" \/>\n<meta property=\"og:site_name\" content=\"Turaventur\" \/>\n<meta property=\"article:modified_time\" content=\"2024-07-14T02:07:27+00:00\" \/>\n<meta property=\"og:image\" content=\"https:\/\/turaventur.com\/wp-content\/uploads\/2021\/02\/P1370365.jpg\" \/>\n\t<meta property=\"og:image:width\" content=\"1024\" \/>\n\t<meta property=\"og:image:height\" content=\"768\" \/>\n\t<meta property=\"og:image:type\" content=\"image\/jpeg\" \/>\n<meta name=\"twitter:card\" content=\"summary_large_image\" \/>\n<meta name=\"twitter:label1\" content=\"Est. reading time\" \/>\n\t<meta name=\"twitter:data1\" content=\"6 minutes\" \/>\n<script type=\"application\/ld+json\" class=\"yoast-schema-graph\">{\"@context\":\"https:\/\/schema.org\",\"@graph\":[{\"@type\":\"WebPage\",\"@id\":\"https:\/\/turaventur.com\/tours\/testemunhos\/\",\"url\":\"https:\/\/turaventur.com\/tours\/testemunhos\/\",\"name\":\"Classic car tours - reviews - 1000 miles around Portugal\",\"isPartOf\":{\"@id\":\"https:\/\/turaventur.com\/#website\"},\"primaryImageOfPage\":{\"@id\":\"https:\/\/turaventur.com\/tours\/testemunhos\/#primaryimage\"},\"image\":{\"@id\":\"https:\/\/turaventur.com\/tours\/testemunhos\/#primaryimage\"},\"thumbnailUrl\":\"https:\/\/turaventur.com\/wp-content\/uploads\/2021\/02\/P1370365.jpg\",\"datePublished\":\"2021-01-22T11:46:26+00:00\",\"dateModified\":\"2024-07-14T02:07:27+00:00\",\"description\":\"Classic car tours - reviews - read our client's testimonials. Real people giving real reviews. Authentic testimonials. Contact us now!\",\"breadcrumb\":{\"@id\":\"https:\/\/turaventur.com\/tours\/testemunhos\/#breadcrumb\"},\"inLanguage\":\"en-US\",\"potentialAction\":[{\"@type\":\"ReadAction\",\"target\":[\"https:\/\/turaventur.com\/tours\/testemunhos\/\"]}]},{\"@type\":\"ImageObject\",\"inLanguage\":\"en-US\",\"@id\":\"https:\/\/turaventur.com\/tours\/testemunhos\/#primaryimage\",\"url\":\"https:\/\/turaventur.com\/wp-content\/uploads\/2021\/02\/P1370365.jpg\",\"contentUrl\":\"https:\/\/turaventur.com\/wp-content\/uploads\/2021\/02\/P1370365.jpg\",\"width\":1024,\"height\":768,\"caption\":\"classic car tours - reviews\"},{\"@type\":\"BreadcrumbList\",\"@id\":\"https:\/\/turaventur.com\/tours\/testemunhos\/#breadcrumb\",\"itemListElement\":[{\"@type\":\"ListItem\",\"position\":1,\"name\":\"In\u00edcio\",\"item\":\"https:\/\/turaventur.com\/en\/home\/\"},{\"@type\":\"ListItem\",\"position\":2,\"name\":\"Loja\",\"item\":\"https:\/\/turaventur.com\/loja\/\"},{\"@type\":\"ListItem\",\"position\":3,\"name\":\"Testimonials\"}]},{\"@type\":\"WebSite\",\"@id\":\"https:\/\/turaventur.com\/#website\",\"url\":\"https:\/\/turaventur.com\/\",\"name\":\"Turaventur\",\"description\":\"Aventura e Turismo, LDA.\",\"publisher\":{\"@id\":\"https:\/\/turaventur.com\/#organization\"},\"potentialAction\":[{\"@type\":\"SearchAction\",\"target\":{\"@type\":\"EntryPoint\",\"urlTemplate\":\"https:\/\/turaventur.com\/?s={search_term_string}\"},\"query-input\":{\"@type\":\"PropertyValueSpecification\",\"valueRequired\":true,\"valueName\":\"search_term_string\"}}],\"inLanguage\":\"en-US\"},{\"@type\":\"Organization\",\"@id\":\"https:\/\/turaventur.com\/#organization\",\"name\":\"Turaventur\",\"url\":\"https:\/\/turaventur.com\/\",\"logo\":{\"@type\":\"ImageObject\",\"inLanguage\":\"en-US\",\"@id\":\"https:\/\/turaventur.com\/#\/schema\/logo\/image\/\",\"url\":\"https:\/\/turaventur.com\/wp-content\/uploads\/2019\/03\/logotipo-tur.png\",\"contentUrl\":\"https:\/\/turaventur.com\/wp-content\/uploads\/2019\/03\/logotipo-tur.png\",\"width\":424,\"height\":93,\"caption\":\"Turaventur\"},\"image\":{\"@id\":\"https:\/\/turaventur.com\/#\/schema\/logo\/image\/\"},\"sameAs\":[\"https:\/\/www.instagram.com\/turaventur\/?hl=pt\"]}]}<\/script>\n<!-- \/ Yoast SEO plugin. -->","yoast_head_json":{"title":"Classic car tours - reviews - 1000 miles around Portugal","description":"Classic car tours - reviews - read our client's testimonials. Real people giving real reviews. Authentic testimonials. Contact us now!","robots":{"index":"index","follow":"follow","max-snippet":"max-snippet:-1","max-image-preview":"max-image-preview:large","max-video-preview":"max-video-preview:-1"},"canonical":"https:\/\/turaventur.com\/tours\/testemunhos\/","og_locale":"en_US","og_type":"article","og_title":"Classic car tours - reviews - 1000 miles around Portugal","og_description":"Classic car tours - reviews - read our client's testimonials. Real people giving real reviews. Authentic testimonials. Contact us now!","og_url":"https:\/\/turaventur.com\/tours\/testemunhos\/","og_site_name":"Turaventur","article_modified_time":"2024-07-14T02:07:27+00:00","og_image":[{"width":1024,"height":768,"url":"https:\/\/turaventur.com\/wp-content\/uploads\/2021\/02\/P1370365.jpg","type":"image\/jpeg"}],"twitter_card":"summary_large_image","twitter_misc":{"Est. reading time":"6 minutes"},"schema":{"@context":"https:\/\/schema.org","@graph":[{"@type":"WebPage","@id":"https:\/\/turaventur.com\/tours\/testemunhos\/","url":"https:\/\/turaventur.com\/tours\/testemunhos\/","name":"Classic car tours - reviews - 1000 miles around Portugal","isPartOf":{"@id":"https:\/\/turaventur.com\/#website"},"primaryImageOfPage":{"@id":"https:\/\/turaventur.com\/tours\/testemunhos\/#primaryimage"},"image":{"@id":"https:\/\/turaventur.com\/tours\/testemunhos\/#primaryimage"},"thumbnailUrl":"https:\/\/turaventur.com\/wp-content\/uploads\/2021\/02\/P1370365.jpg","datePublished":"2021-01-22T11:46:26+00:00","dateModified":"2024-07-14T02:07:27+00:00","description":"Classic car tours - reviews - read our client's testimonials. Real people giving real reviews. Authentic testimonials. Contact us now!","breadcrumb":{"@id":"https:\/\/turaventur.com\/tours\/testemunhos\/#breadcrumb"},"inLanguage":"en-US","potentialAction":[{"@type":"ReadAction","target":["https:\/\/turaventur.com\/tours\/testemunhos\/"]}]},{"@type":"ImageObject","inLanguage":"en-US","@id":"https:\/\/turaventur.com\/tours\/testemunhos\/#primaryimage","url":"https:\/\/turaventur.com\/wp-content\/uploads\/2021\/02\/P1370365.jpg","contentUrl":"https:\/\/turaventur.com\/wp-content\/uploads\/2021\/02\/P1370365.jpg","width":1024,"height":768,"caption":"classic car tours - reviews"},{"@type":"BreadcrumbList","@id":"https:\/\/turaventur.com\/tours\/testemunhos\/#breadcrumb","itemListElement":[{"@type":"ListItem","position":1,"name":"In\u00edcio","item":"https:\/\/turaventur.com\/en\/home\/"},{"@type":"ListItem","position":2,"name":"Loja","item":"https:\/\/turaventur.com\/loja\/"},{"@type":"ListItem","position":3,"name":"Testimonials"}]},{"@type":"WebSite","@id":"https:\/\/turaventur.com\/#website","url":"https:\/\/turaventur.com\/","name":"Turaventur","description":"Aventura e Turismo, LDA.","publisher":{"@id":"https:\/\/turaventur.com\/#organization"},"potentialAction":[{"@type":"SearchAction","target":{"@type":"EntryPoint","urlTemplate":"https:\/\/turaventur.com\/?s={search_term_string}"},"query-input":{"@type":"PropertyValueSpecification","valueRequired":true,"valueName":"search_term_string"}}],"inLanguage":"en-US"},{"@type":"Organization","@id":"https:\/\/turaventur.com\/#organization","name":"Turaventur","url":"https:\/\/turaventur.com\/","logo":{"@type":"ImageObject","inLanguage":"en-US","@id":"https:\/\/turaventur.com\/#\/schema\/logo\/image\/","url":"https:\/\/turaventur.com\/wp-content\/uploads\/2019\/03\/logotipo-tur.png","contentUrl":"https:\/\/turaventur.com\/wp-content\/uploads\/2019\/03\/logotipo-tur.png","width":424,"height":93,"caption":"Turaventur"},"image":{"@id":"https:\/\/turaventur.com\/#\/schema\/logo\/image\/"},"sameAs":["https:\/\/www.instagram.com\/turaventur\/?hl=pt"]}]}},"_links":{"self":[{"href":"https:\/\/turaventur.com\/en\/wp-json\/wp\/v2\/product\/6777","targetHints":{"allow":["GET"]}}],"collection":[{"href":"https:\/\/turaventur.com\/en\/wp-json\/wp\/v2\/product"}],"about":[{"href":"https:\/\/turaventur.com\/en\/wp-json\/wp\/v2\/types\/product"}],"replies":[{"embeddable":true,"href":"https:\/\/turaventur.com\/en\/wp-json\/wp\/v2\/comments?post=6777"}],"version-history":[{"count":47,"href":"https:\/\/turaventur.com\/en\/wp-json\/wp\/v2\/product\/6777\/revisions"}],"predecessor-version":[{"id":7820,"href":"https:\/\/turaventur.com\/en\/wp-json\/wp\/v2\/product\/6777\/revisions\/7820"}],"wp:featuredmedia":[{"embeddable":true,"href":"https:\/\/turaventur.com\/en\/wp-json\/wp\/v2\/media\/7338"}],"wp:attachment":[{"href":"https:\/\/turaventur.com\/en\/wp-json\/wp\/v2\/media?parent=6777"}],"wp:term":[{"taxonomy":"product_brand","embeddable":true,"href":"https:\/\/turaventur.com\/en\/wp-json\/wp\/v2\/product_brand?post=6777"},{"taxonomy":"product_cat","embeddable":true,"href":"https:\/\/turaventur.com\/en\/wp-json\/wp\/v2\/product_cat?post=6777"},{"taxonomy":"product_tag","embeddable":true,"href":"https:\/\/turaventur.com\/en\/wp-json\/wp\/v2\/product_tag?post=6777"}],"curies":[{"name":"wp","href":"https:\/\/api.w.org\/{rel}","templated":true}]}}