{"id":6780,"date":"2020-09-05T18:05:02","date_gmt":"2021-01-22T18:05:03","guid":{"rendered":"https:\/\/turaventur.com\/?post_type=product&#038;p=6780"},"modified":"2021-03-16T09:08:16","modified_gmt":"2021-03-16T09:08:16","slug":"classic-cars-tour-in-portugal","status":"publish","type":"product","link":"https:\/\/turaventur.com\/en\/tours\/classic-cars-tour-in-portugal\/","title":{"rendered":"2013 \u2013 1000 Classic"},"content":{"rendered":"<h3 style=\"text-align: justify;\">HIGHLIGHTS<\/h3>\n<h3 style=\"text-align: justify;\"><img loading=\"lazy\" decoding=\"async\" class=\"alignright wp-image-7449\" src=\"https:\/\/turaventur.com\/wp-content\/uploads\/2020\/09\/logo-milmilhas.jpg\" alt=\"\" width=\"185\" height=\"185\" srcset=\"https:\/\/turaventur.com\/wp-content\/uploads\/2020\/09\/logo-milmilhas.jpg 1181w, https:\/\/turaventur.com\/wp-content\/uploads\/2020\/09\/logo-milmilhas-300x300.jpg 300w, https:\/\/turaventur.com\/wp-content\/uploads\/2020\/09\/logo-milmilhas-1024x1024.jpg 1024w, https:\/\/turaventur.com\/wp-content\/uploads\/2020\/09\/logo-milmilhas-150x150.jpg 150w, https:\/\/turaventur.com\/wp-content\/uploads\/2020\/09\/logo-milmilhas-768x768.jpg 768w, https:\/\/turaventur.com\/wp-content\/uploads\/2020\/09\/logo-milmilhas-600x600.jpg 600w\" sizes=\"auto, (max-width: 185px) 100vw, 185px\" \/><\/h3>\n<p style=\"text-align: justify;\">Portugal em Mil Milhas 2013 was the 1st classic cars tour in Portugal which passed by the whole country!<\/p>\n<p style=\"text-align: justify;\">We started without hesitation and quickly the fully booked subscriptions gave us the answer: a tour like this was lacking in Portugal!<\/p>\n<p style=\"text-align: justify;\">We started in Lisbon, with a beautiful departure close to the Tagus river, headed south and passed the 25 de Abril bridge. We drove through the Arr\u00e1bida \u201cmountain,\u00a0 peeked at the sea in S\u00e3o Torpes and were delighted with the grilled fish in Vila Nova. From there we went down to Lagos, passing the Portim\u00e3o race track to warm up the engines! We went up to Marv\u00e3o and took a beautiful photo in Monsaraz, where some of the participants sang along with a group of Cante, now finally made World Heritage (cante=Alentejo singing group).<\/p>\n<p style=\"text-align: justify;\">In Caramulo, our classics had the opportunity to show off in the famous \u201cRampa\u201d (Historical Hill Climb), and in Cani\u00e7ada we enjoyed the essential beauty of Ger\u00eas National Park.<\/p>\n<p style=\"text-align: justify;\">We ended with pomp and circumstance in Oporto, received by the Mayor and honored with a sumptuous dinner offered by our sponsor, the Symington group.<\/p>\n<p>Click on the itinerary and maps to see more\u00a0 about our classic cars tour in Portugal. And have a look at the great pictures!<\/p>\n<p>&nbsp;<\/p>\n<p>If you wish to receive information about future events, please <a href=\"https:\/\/turaventur.com\/en\/contacts\/\" target=\"_blank\" rel=\"noopener\">contact us<\/a>!<\/p>\n","protected":false},"excerpt":{"rendered":"<p style=\"text-align: justify;\">Discovering Portugal in classic cars, through secondary roads, staying at boutique hotals and indulging on exquisite Portuguese meals.<\/p>\n","protected":false},"featured_media":6956,"comment_status":"open","ping_status":"closed","template":"","meta":{"_acf_changed":false,"footnotes":""},"product_brand":[],"product_cat":[215],"product_tag":[],"class_list":{"0":"post-6780","1":"product","2":"type-product","3":"status-publish","4":"has-post-thumbnail","6":"product_cat-atividades-en","7":"pa_tipo-tour-gastronomy-crafts-heritage","8":"tour_category-classic-cars","10":"first","11":"instock","12":"featured","13":"virtual","14":"product-type-tour"},"acf":[],"yoast_head":"<!-- This site is optimized with the Yoast SEO plugin v27.2 - https:\/\/yoast.com\/product\/yoast-seo-wordpress\/ -->\n<title>Classic cars tour in Portugal - 1st edtion of a glorious week!<\/title>\n<meta name=\"description\" content=\"Classic cars tour in Portugal - the 1st around Portugal classic cars tour ever organised. 1000 miles rode by glorious machines!\" \/>\n<meta name=\"robots\" content=\"index, follow, max-snippet:-1, max-image-preview:large, max-video-preview:-1\" \/>\n<link rel=\"canonical\" href=\"https:\/\/turaventur.com\/tours\/volta-a-portugal-em-classicos-1000-milhas-2013\/\" \/>\n<meta property=\"og:locale\" content=\"en_US\" \/>\n<meta property=\"og:type\" content=\"article\" \/>\n<meta property=\"og:title\" content=\"Classic cars tour in Portugal - 1st edtion of a glorious week!\" \/>\n<meta property=\"og:description\" content=\"Classic cars tour in Portugal - the 1st around Portugal classic cars tour ever organised. 1000 miles rode by glorious machines!\" \/>\n<meta property=\"og:url\" content=\"https:\/\/turaventur.com\/tours\/volta-a-portugal-em-classicos-1000-milhas-2013\/\" \/>\n<meta property=\"og:site_name\" content=\"Turaventur\" \/>\n<meta property=\"article:modified_time\" content=\"2021-03-16T09:08:16+00:00\" \/>\n<meta property=\"og:image\" content=\"https:\/\/turaventur.com\/wp-content\/uploads\/2021\/01\/1.2.jpg\" \/>\n\t<meta property=\"og:image:width\" content=\"1280\" \/>\n\t<meta property=\"og:image:height\" content=\"853\" \/>\n\t<meta property=\"og:image:type\" content=\"image\/jpeg\" \/>\n<meta name=\"twitter:card\" content=\"summary_large_image\" \/>\n<meta name=\"twitter:label1\" content=\"Est. reading time\" \/>\n\t<meta name=\"twitter:data1\" content=\"2 minutes\" \/>\n<script type=\"application\/ld+json\" class=\"yoast-schema-graph\">{\"@context\":\"https:\/\/schema.org\",\"@graph\":[{\"@type\":\"WebPage\",\"@id\":\"https:\/\/turaventur.com\/tours\/volta-a-portugal-em-classicos-1000-milhas-2013\/\",\"url\":\"https:\/\/turaventur.com\/tours\/volta-a-portugal-em-classicos-1000-milhas-2013\/\",\"name\":\"Classic cars tour in Portugal - 1st edtion of a glorious week!\",\"isPartOf\":{\"@id\":\"https:\/\/turaventur.com\/#website\"},\"primaryImageOfPage\":{\"@id\":\"https:\/\/turaventur.com\/tours\/volta-a-portugal-em-classicos-1000-milhas-2013\/#primaryimage\"},\"image\":{\"@id\":\"https:\/\/turaventur.com\/tours\/volta-a-portugal-em-classicos-1000-milhas-2013\/#primaryimage\"},\"thumbnailUrl\":\"https:\/\/turaventur.com\/wp-content\/uploads\/2021\/01\/1.2.jpg\",\"datePublished\":\"2021-01-22T18:05:03+00:00\",\"dateModified\":\"2021-03-16T09:08:16+00:00\",\"description\":\"Classic cars tour in Portugal - the 1st around Portugal classic cars tour ever organised. 1000 miles rode by glorious machines!\",\"breadcrumb\":{\"@id\":\"https:\/\/turaventur.com\/tours\/volta-a-portugal-em-classicos-1000-milhas-2013\/#breadcrumb\"},\"inLanguage\":\"en-US\",\"potentialAction\":[{\"@type\":\"ReadAction\",\"target\":[\"https:\/\/turaventur.com\/tours\/volta-a-portugal-em-classicos-1000-milhas-2013\/\"]}]},{\"@type\":\"ImageObject\",\"inLanguage\":\"en-US\",\"@id\":\"https:\/\/turaventur.com\/tours\/volta-a-portugal-em-classicos-1000-milhas-2013\/#primaryimage\",\"url\":\"https:\/\/turaventur.com\/wp-content\/uploads\/2021\/01\/1.2.jpg\",\"contentUrl\":\"https:\/\/turaventur.com\/wp-content\/uploads\/2021\/01\/1.2.jpg\",\"width\":1280,\"height\":853,\"caption\":\"volta a portugal em cl\u00e1ssicos\"},{\"@type\":\"BreadcrumbList\",\"@id\":\"https:\/\/turaventur.com\/tours\/volta-a-portugal-em-classicos-1000-milhas-2013\/#breadcrumb\",\"itemListElement\":[{\"@type\":\"ListItem\",\"position\":1,\"name\":\"In\u00edcio\",\"item\":\"https:\/\/turaventur.com\/en\/home\/\"},{\"@type\":\"ListItem\",\"position\":2,\"name\":\"Loja\",\"item\":\"https:\/\/turaventur.com\/loja\/\"},{\"@type\":\"ListItem\",\"position\":3,\"name\":\"2013 \u2013 1000 Classic\"}]},{\"@type\":\"WebSite\",\"@id\":\"https:\/\/turaventur.com\/#website\",\"url\":\"https:\/\/turaventur.com\/\",\"name\":\"Turaventur\",\"description\":\"Aventura e Turismo, LDA.\",\"publisher\":{\"@id\":\"https:\/\/turaventur.com\/#organization\"},\"potentialAction\":[{\"@type\":\"SearchAction\",\"target\":{\"@type\":\"EntryPoint\",\"urlTemplate\":\"https:\/\/turaventur.com\/?s={search_term_string}\"},\"query-input\":{\"@type\":\"PropertyValueSpecification\",\"valueRequired\":true,\"valueName\":\"search_term_string\"}}],\"inLanguage\":\"en-US\"},{\"@type\":\"Organization\",\"@id\":\"https:\/\/turaventur.com\/#organization\",\"name\":\"Turaventur\",\"url\":\"https:\/\/turaventur.com\/\",\"logo\":{\"@type\":\"ImageObject\",\"inLanguage\":\"en-US\",\"@id\":\"https:\/\/turaventur.com\/#\/schema\/logo\/image\/\",\"url\":\"https:\/\/turaventur.com\/wp-content\/uploads\/2019\/03\/logotipo-tur.png\",\"contentUrl\":\"https:\/\/turaventur.com\/wp-content\/uploads\/2019\/03\/logotipo-tur.png\",\"width\":424,\"height\":93,\"caption\":\"Turaventur\"},\"image\":{\"@id\":\"https:\/\/turaventur.com\/#\/schema\/logo\/image\/\"},\"sameAs\":[\"https:\/\/www.instagram.com\/turaventur\/?hl=pt\"]}]}<\/script>\n<!-- \/ Yoast SEO plugin. -->","yoast_head_json":{"title":"Classic cars tour in Portugal - 1st edtion of a glorious week!","description":"Classic cars tour in Portugal - the 1st around Portugal classic cars tour ever organised. 1000 miles rode by glorious machines!","robots":{"index":"index","follow":"follow","max-snippet":"max-snippet:-1","max-image-preview":"max-image-preview:large","max-video-preview":"max-video-preview:-1"},"canonical":"https:\/\/turaventur.com\/tours\/volta-a-portugal-em-classicos-1000-milhas-2013\/","og_locale":"en_US","og_type":"article","og_title":"Classic cars tour in Portugal - 1st edtion of a glorious week!","og_description":"Classic cars tour in Portugal - the 1st around Portugal classic cars tour ever organised. 1000 miles rode by glorious machines!","og_url":"https:\/\/turaventur.com\/tours\/volta-a-portugal-em-classicos-1000-milhas-2013\/","og_site_name":"Turaventur","article_modified_time":"2021-03-16T09:08:16+00:00","og_image":[{"width":1280,"height":853,"url":"https:\/\/turaventur.com\/wp-content\/uploads\/2021\/01\/1.2.jpg","type":"image\/jpeg"}],"twitter_card":"summary_large_image","twitter_misc":{"Est. reading time":"2 minutes"},"schema":{"@context":"https:\/\/schema.org","@graph":[{"@type":"WebPage","@id":"https:\/\/turaventur.com\/tours\/volta-a-portugal-em-classicos-1000-milhas-2013\/","url":"https:\/\/turaventur.com\/tours\/volta-a-portugal-em-classicos-1000-milhas-2013\/","name":"Classic cars tour in Portugal - 1st edtion of a glorious week!","isPartOf":{"@id":"https:\/\/turaventur.com\/#website"},"primaryImageOfPage":{"@id":"https:\/\/turaventur.com\/tours\/volta-a-portugal-em-classicos-1000-milhas-2013\/#primaryimage"},"image":{"@id":"https:\/\/turaventur.com\/tours\/volta-a-portugal-em-classicos-1000-milhas-2013\/#primaryimage"},"thumbnailUrl":"https:\/\/turaventur.com\/wp-content\/uploads\/2021\/01\/1.2.jpg","datePublished":"2021-01-22T18:05:03+00:00","dateModified":"2021-03-16T09:08:16+00:00","description":"Classic cars tour in Portugal - the 1st around Portugal classic cars tour ever organised. 1000 miles rode by glorious machines!","breadcrumb":{"@id":"https:\/\/turaventur.com\/tours\/volta-a-portugal-em-classicos-1000-milhas-2013\/#breadcrumb"},"inLanguage":"en-US","potentialAction":[{"@type":"ReadAction","target":["https:\/\/turaventur.com\/tours\/volta-a-portugal-em-classicos-1000-milhas-2013\/"]}]},{"@type":"ImageObject","inLanguage":"en-US","@id":"https:\/\/turaventur.com\/tours\/volta-a-portugal-em-classicos-1000-milhas-2013\/#primaryimage","url":"https:\/\/turaventur.com\/wp-content\/uploads\/2021\/01\/1.2.jpg","contentUrl":"https:\/\/turaventur.com\/wp-content\/uploads\/2021\/01\/1.2.jpg","width":1280,"height":853,"caption":"volta a portugal em cl\u00e1ssicos"},{"@type":"BreadcrumbList","@id":"https:\/\/turaventur.com\/tours\/volta-a-portugal-em-classicos-1000-milhas-2013\/#breadcrumb","itemListElement":[{"@type":"ListItem","position":1,"name":"In\u00edcio","item":"https:\/\/turaventur.com\/en\/home\/"},{"@type":"ListItem","position":2,"name":"Loja","item":"https:\/\/turaventur.com\/loja\/"},{"@type":"ListItem","position":3,"name":"2013 \u2013 1000 Classic"}]},{"@type":"WebSite","@id":"https:\/\/turaventur.com\/#website","url":"https:\/\/turaventur.com\/","name":"Turaventur","description":"Aventura e Turismo, LDA.","publisher":{"@id":"https:\/\/turaventur.com\/#organization"},"potentialAction":[{"@type":"SearchAction","target":{"@type":"EntryPoint","urlTemplate":"https:\/\/turaventur.com\/?s={search_term_string}"},"query-input":{"@type":"PropertyValueSpecification","valueRequired":true,"valueName":"search_term_string"}}],"inLanguage":"en-US"},{"@type":"Organization","@id":"https:\/\/turaventur.com\/#organization","name":"Turaventur","url":"https:\/\/turaventur.com\/","logo":{"@type":"ImageObject","inLanguage":"en-US","@id":"https:\/\/turaventur.com\/#\/schema\/logo\/image\/","url":"https:\/\/turaventur.com\/wp-content\/uploads\/2019\/03\/logotipo-tur.png","contentUrl":"https:\/\/turaventur.com\/wp-content\/uploads\/2019\/03\/logotipo-tur.png","width":424,"height":93,"caption":"Turaventur"},"image":{"@id":"https:\/\/turaventur.com\/#\/schema\/logo\/image\/"},"sameAs":["https:\/\/www.instagram.com\/turaventur\/?hl=pt"]}]}},"_links":{"self":[{"href":"https:\/\/turaventur.com\/en\/wp-json\/wp\/v2\/product\/6780","targetHints":{"allow":["GET"]}}],"collection":[{"href":"https:\/\/turaventur.com\/en\/wp-json\/wp\/v2\/product"}],"about":[{"href":"https:\/\/turaventur.com\/en\/wp-json\/wp\/v2\/types\/product"}],"replies":[{"embeddable":true,"href":"https:\/\/turaventur.com\/en\/wp-json\/wp\/v2\/comments?post=6780"}],"version-history":[{"count":9,"href":"https:\/\/turaventur.com\/en\/wp-json\/wp\/v2\/product\/6780\/revisions"}],"predecessor-version":[{"id":7510,"href":"https:\/\/turaventur.com\/en\/wp-json\/wp\/v2\/product\/6780\/revisions\/7510"}],"wp:featuredmedia":[{"embeddable":true,"href":"https:\/\/turaventur.com\/en\/wp-json\/wp\/v2\/media\/6956"}],"wp:attachment":[{"href":"https:\/\/turaventur.com\/en\/wp-json\/wp\/v2\/media?parent=6780"}],"wp:term":[{"taxonomy":"product_brand","embeddable":true,"href":"https:\/\/turaventur.com\/en\/wp-json\/wp\/v2\/product_brand?post=6780"},{"taxonomy":"product_cat","embeddable":true,"href":"https:\/\/turaventur.com\/en\/wp-json\/wp\/v2\/product_cat?post=6780"},{"taxonomy":"product_tag","embeddable":true,"href":"https:\/\/turaventur.com\/en\/wp-json\/wp\/v2\/product_tag?post=6780"}],"curies":[{"name":"wp","href":"https:\/\/api.w.org\/{rel}","templated":true}]}}