{"id":7377,"date":"2021-02-09T10:02:11","date_gmt":"2021-02-09T10:02:11","guid":{"rendered":"https:\/\/turaventur.com\/product\/farm-to-table\/"},"modified":"2024-08-08T15:13:30","modified_gmt":"2024-08-08T15:13:30","slug":"tours-gastronomicos","status":"publish","type":"product","link":"https:\/\/turaventur.com\/en\/tours\/tours-gastronomicos\/","title":{"rendered":"Farm to Table"},"content":{"rendered":"<h3><strong>[vc_row equal_height=&#8221;yes&#8221; content_placement=&#8221;top&#8221;][vc_column]\n<div class=\"atgrid\">\n\t<div class=\"row atgrid__row\">\n\t\t\t\t\t<div class=\"col-md-4 col-xs-6 atgrid__item-wrap\">\n\t\t\t<div class=\"atgrid__item\">\n\t\t\t\t<div class=\"atgrid__item__top\">\n\t\t\t\t\t<a href=\"https:\/\/turaventur.com\/en\/tours\/farm-to-table-2-nights\/\" class=\"atgrid__item__top__image\"><img loading=\"lazy\" decoding=\"async\" width=\"360\" height=\"240\" src=\"https:\/\/turaventur.com\/wp-content\/uploads\/2019\/05\/1.painel-360x240.jpg\" class=\"attachment-thumb_tour_listing_small size-thumb_tour_listing_small wp-post-image\" alt=\"\" srcset=\"https:\/\/turaventur.com\/wp-content\/uploads\/2019\/05\/1.painel-360x240.jpg 360w, https:\/\/turaventur.com\/wp-content\/uploads\/2019\/05\/1.painel-180x120.jpg 180w\" sizes=\"auto, (max-width: 360px) 100vw, 360px\" \/><\/a>\t\t\t\t\t\t\t\t\t\t\t\t\t\t\t<div class=\"atgrid__item__icons\"><a href=\"https:\/\/turaventur.com\/en\/tour-category\/farm-to-table\/\"><i data-toggle=\"tooltip\" title=\"Farm to Table\" class=\"td-castle-3\"><\/i><\/a><\/div>\t\t\t\t<\/div>\n\t\t\t\t<div class=\"atgrid__item__content\">\n\t\t\t\t\t<h3 class=\"atgrid__item__title\"><a href=\"https:\/\/turaventur.com\/en\/tours\/farm-to-table-2-nights\/\">Farm to Table (2 nights)<\/a><\/h3>\n\t\t\t\t\t\t\t\t\t<div class=\"atgrid__item__description\">Visit artisans and local producers and see, smell, touch, taste. Challenge your senses.<\/div>\n\t\t\t\t\t\t\t\t<\/div>\n\t\t\t\t<div class=\"item-attributes\">\n\t\t\t\t\t<div class=\"item-attributes__item\"><div class=\"item-attributes__item__content\"><div class=\"item-attributes__item__content__item\"><i class=\"td-24-hours\"><\/i><\/div><div class=\"item-attributes__item__content__item item-attributes__item__content__item--text\"><span><\/span><\/div><\/div><\/div><div class=\"item-attributes__item\"><div class=\"item-attributes__item__content\"><div class=\"item-attributes__item__content__item\"><i class=\"td-marker-location-1\"><\/i><\/div><div class=\"item-attributes__item__content__item item-attributes__item__content__item--text\"><span>\u00c9vora<\/span><\/div><\/div><\/div>\t\t\t\t\t<div class=\"item-attributes__item\"><a href=\"https:\/\/turaventur.com\/en\/tours\/farm-to-table-2-nights\/\" class=\"item-attributes__link\"><i class=\"fa fa-long-arrow-right\"><\/i><\/a><\/div>\n\t\t\t\t<\/div>\n\t\t\t<\/div>\n\t\t<\/div>\n\t\t\t\t\t<div class=\"col-md-4 col-xs-6 atgrid__item-wrap\">\n\t\t\t<div class=\"atgrid__item\">\n\t\t\t\t<div class=\"atgrid__item__top\">\n\t\t\t\t\t<a href=\"https:\/\/turaventur.com\/en\/tours\/farm-to-table-2-nights-copia\/\" class=\"atgrid__item__top__image\"><img loading=\"lazy\" decoding=\"async\" width=\"360\" height=\"240\" src=\"https:\/\/turaventur.com\/wp-content\/uploads\/2019\/05\/1.painel-360x240.jpg\" class=\"attachment-thumb_tour_listing_small size-thumb_tour_listing_small wp-post-image\" alt=\"\" srcset=\"https:\/\/turaventur.com\/wp-content\/uploads\/2019\/05\/1.painel-360x240.jpg 360w, https:\/\/turaventur.com\/wp-content\/uploads\/2019\/05\/1.painel-180x120.jpg 180w\" sizes=\"auto, (max-width: 360px) 100vw, 360px\" \/><\/a>\t\t\t\t\t\t\t\t\t\t\t\t\t\t\t<div class=\"atgrid__item__icons\"><a href=\"https:\/\/turaventur.com\/en\/tour-category\/farm-to-table\/\"><i data-toggle=\"tooltip\" title=\"Farm to Table\" class=\"td-castle-3\"><\/i><\/a><\/div>\t\t\t\t<\/div>\n\t\t\t\t<div class=\"atgrid__item__content\">\n\t\t\t\t\t<h3 class=\"atgrid__item__title\"><a href=\"https:\/\/turaventur.com\/en\/tours\/farm-to-table-2-nights-copia\/\">Farm to Table (4 nights)<\/a><\/h3>\n\t\t\t\t\t\t\t\t\t<div class=\"atgrid__item__description\">Visit artisans and local producers and see, smell, touch, taste. Challenge your senses.<\/div>\n\t\t\t\t\t\t\t\t<\/div>\n\t\t\t\t<div class=\"item-attributes\">\n\t\t\t\t\t<div class=\"item-attributes__item\"><div class=\"item-attributes__item__content\"><div class=\"item-attributes__item__content__item\"><i class=\"td-24-hours\"><\/i><\/div><div class=\"item-attributes__item__content__item item-attributes__item__content__item--text\"><span><\/span><\/div><\/div><\/div><div class=\"item-attributes__item\"><div class=\"item-attributes__item__content\"><div class=\"item-attributes__item__content__item\"><i class=\"td-marker-location-1\"><\/i><\/div><div class=\"item-attributes__item__content__item item-attributes__item__content__item--text\"><span>\u00c9vora<\/span><\/div><\/div><\/div>\t\t\t\t\t<div class=\"item-attributes__item\"><a href=\"https:\/\/turaventur.com\/en\/tours\/farm-to-table-2-nights-copia\/\" class=\"item-attributes__link\"><i class=\"fa fa-long-arrow-right\"><\/i><\/a><\/div>\n\t\t\t\t<\/div>\n\t\t\t<\/div>\n\t\t<\/div>\n\t\t\t<div class=\"atgrid__row-separator clearfix visible-sm visible-xs\"><\/div>\t\t<div class=\"col-md-4 col-xs-6 atgrid__item-wrap\">\n\t\t\t<div class=\"atgrid__item\">\n\t\t\t\t<div class=\"atgrid__item__top\">\n\t\t\t\t\t<a href=\"https:\/\/turaventur.com\/en\/tours\/farm-to-table-2-nights-copia-2\/\" class=\"atgrid__item__top__image\"><img loading=\"lazy\" decoding=\"async\" width=\"360\" height=\"240\" src=\"https:\/\/turaventur.com\/wp-content\/uploads\/2019\/05\/1.painel-360x240.jpg\" class=\"attachment-thumb_tour_listing_small size-thumb_tour_listing_small wp-post-image\" alt=\"\" srcset=\"https:\/\/turaventur.com\/wp-content\/uploads\/2019\/05\/1.painel-360x240.jpg 360w, https:\/\/turaventur.com\/wp-content\/uploads\/2019\/05\/1.painel-180x120.jpg 180w\" sizes=\"auto, (max-width: 360px) 100vw, 360px\" \/><\/a>\t\t\t\t\t\t\t\t\t\t\t\t\t\t\t<div class=\"atgrid__item__icons\"><a href=\"https:\/\/turaventur.com\/en\/tour-category\/farm-to-table\/\"><i data-toggle=\"tooltip\" title=\"Farm to Table\" class=\"td-castle-3\"><\/i><\/a><\/div>\t\t\t\t<\/div>\n\t\t\t\t<div class=\"atgrid__item__content\">\n\t\t\t\t\t<h3 class=\"atgrid__item__title\"><a href=\"https:\/\/turaventur.com\/en\/tours\/farm-to-table-2-nights-copia-2\/\">Farm to Table (6 nights)<\/a><\/h3>\n\t\t\t\t\t\t\t\t\t<div class=\"atgrid__item__description\">Visit artisans and local producers and see, smell, touch, taste. Challenge your senses.<\/div>\n\t\t\t\t\t\t\t\t<\/div>\n\t\t\t\t<div class=\"item-attributes\">\n\t\t\t\t\t<div class=\"item-attributes__item\"><div class=\"item-attributes__item__content\"><div class=\"item-attributes__item__content__item\"><i class=\"td-24-hours\"><\/i><\/div><div class=\"item-attributes__item__content__item item-attributes__item__content__item--text\"><span>7 days<\/span><\/div><\/div><\/div><div class=\"item-attributes__item\"><div class=\"item-attributes__item__content\"><div class=\"item-attributes__item__content__item\"><i class=\"td-marker-location-1\"><\/i><\/div><div class=\"item-attributes__item__content__item item-attributes__item__content__item--text\"><span>\u00c9vora<\/span><\/div><\/div><\/div>\t\t\t\t\t<div class=\"item-attributes__item\"><a href=\"https:\/\/turaventur.com\/en\/tours\/farm-to-table-2-nights-copia-2\/\" class=\"item-attributes__link\"><i class=\"fa fa-long-arrow-right\"><\/i><\/a><\/div>\n\t\t\t\t<\/div>\n\t\t\t<\/div>\n\t\t<\/div>\n\t\t\t<\/div>\n<\/div>\n[\/vc_column][\/vc_row]<\/strong><\/h3>\n","protected":false},"excerpt":{"rendered":"<p>Tours de 3 a 5 noites, com estadia no nosso monte. Visite artes\u00e3os e produtores e veja, cheire, toque, prove. Experimente. Desafie os seus sentidos.<\/p>\n","protected":false},"featured_media":5098,"comment_status":"closed","ping_status":"closed","template":"","meta":{"_acf_changed":false,"footnotes":""},"product_brand":[],"product_cat":[215],"product_tag":[],"class_list":{"0":"post-7377","1":"product","2":"type-product","3":"status-publish","4":"has-post-thumbnail","6":"product_cat-atividades-en","7":"tour_category-discover","9":"first","10":"instock","11":"featured","12":"virtual","13":"product-type-tour"},"acf":[],"yoast_head":"<!-- This site is optimized with the Yoast SEO plugin v27.2 - https:\/\/yoast.com\/product\/yoast-seo-wordpress\/ -->\n<title>Tours gastron\u00f3micos - desafio ao paladar e aos outros sentidos<\/title>\n<meta name=\"description\" content=\"Tours gastron\u00f3micos - da terra \u00e0 mesa, do produtor \u00e0 sua casa. Visite, aprenda, cheire, prove. Tours em carrinha ou em bicicleta el\u00e9trica.\" \/>\n<meta name=\"robots\" content=\"index, follow, max-snippet:-1, max-image-preview:large, max-video-preview:-1\" \/>\n<link rel=\"canonical\" href=\"https:\/\/turaventur.com\/en\/tours\/tours-gastronomicos\/\" \/>\n<meta property=\"og:locale\" content=\"en_US\" \/>\n<meta property=\"og:type\" content=\"article\" \/>\n<meta property=\"og:title\" content=\"Tours gastron\u00f3micos - desafio ao paladar e aos outros sentidos\" \/>\n<meta property=\"og:description\" content=\"Tours gastron\u00f3micos - da terra \u00e0 mesa, do produtor \u00e0 sua casa. Visite, aprenda, cheire, prove. Tours em carrinha ou em bicicleta el\u00e9trica.\" \/>\n<meta property=\"og:url\" content=\"https:\/\/turaventur.com\/en\/tours\/tours-gastronomicos\/\" \/>\n<meta property=\"og:site_name\" content=\"Turaventur\" \/>\n<meta property=\"article:modified_time\" content=\"2024-08-08T15:13:30+00:00\" \/>\n<meta property=\"og:image\" content=\"https:\/\/turaventur.com\/wp-content\/uploads\/2019\/03\/campatri-20.jpg\" \/>\n\t<meta property=\"og:image:width\" content=\"3872\" \/>\n\t<meta property=\"og:image:height\" content=\"2592\" \/>\n\t<meta property=\"og:image:type\" content=\"image\/jpeg\" \/>\n<meta name=\"twitter:card\" content=\"summary_large_image\" \/>\n<meta name=\"twitter:label1\" content=\"Est. reading time\" \/>\n\t<meta name=\"twitter:data1\" content=\"1 minute\" \/>\n<script type=\"application\/ld+json\" class=\"yoast-schema-graph\">{\"@context\":\"https:\/\/schema.org\",\"@graph\":[{\"@type\":\"WebPage\",\"@id\":\"https:\/\/turaventur.com\/en\/tours\/tours-gastronomicos\/\",\"url\":\"https:\/\/turaventur.com\/en\/tours\/tours-gastronomicos\/\",\"name\":\"Tours gastron\u00f3micos - desafio ao paladar e aos outros sentidos\",\"isPartOf\":{\"@id\":\"https:\/\/turaventur.com\/#website\"},\"primaryImageOfPage\":{\"@id\":\"https:\/\/turaventur.com\/en\/tours\/tours-gastronomicos\/#primaryimage\"},\"image\":{\"@id\":\"https:\/\/turaventur.com\/en\/tours\/tours-gastronomicos\/#primaryimage\"},\"thumbnailUrl\":\"https:\/\/turaventur.com\/wp-content\/uploads\/2019\/03\/campatri-20.jpg\",\"datePublished\":\"2021-02-09T10:02:11+00:00\",\"dateModified\":\"2024-08-08T15:13:30+00:00\",\"description\":\"Tours gastron\u00f3micos - da terra \u00e0 mesa, do produtor \u00e0 sua casa. Visite, aprenda, cheire, prove. Tours em carrinha ou em bicicleta el\u00e9trica.\",\"breadcrumb\":{\"@id\":\"https:\/\/turaventur.com\/en\/tours\/tours-gastronomicos\/#breadcrumb\"},\"inLanguage\":\"en-US\",\"potentialAction\":[{\"@type\":\"ReadAction\",\"target\":[\"https:\/\/turaventur.com\/en\/tours\/tours-gastronomicos\/\"]}]},{\"@type\":\"ImageObject\",\"inLanguage\":\"en-US\",\"@id\":\"https:\/\/turaventur.com\/en\/tours\/tours-gastronomicos\/#primaryimage\",\"url\":\"https:\/\/turaventur.com\/wp-content\/uploads\/2019\/03\/campatri-20.jpg\",\"contentUrl\":\"https:\/\/turaventur.com\/wp-content\/uploads\/2019\/03\/campatri-20.jpg\",\"width\":3872,\"height\":2592},{\"@type\":\"BreadcrumbList\",\"@id\":\"https:\/\/turaventur.com\/en\/tours\/tours-gastronomicos\/#breadcrumb\",\"itemListElement\":[{\"@type\":\"ListItem\",\"position\":1,\"name\":\"In\u00edcio\",\"item\":\"https:\/\/turaventur.com\/en\/home\/\"},{\"@type\":\"ListItem\",\"position\":2,\"name\":\"Loja\",\"item\":\"https:\/\/turaventur.com\/loja\/\"},{\"@type\":\"ListItem\",\"position\":3,\"name\":\"Farm to Table\"}]},{\"@type\":\"WebSite\",\"@id\":\"https:\/\/turaventur.com\/#website\",\"url\":\"https:\/\/turaventur.com\/\",\"name\":\"Turaventur\",\"description\":\"Aventura e Turismo, LDA.\",\"publisher\":{\"@id\":\"https:\/\/turaventur.com\/#organization\"},\"potentialAction\":[{\"@type\":\"SearchAction\",\"target\":{\"@type\":\"EntryPoint\",\"urlTemplate\":\"https:\/\/turaventur.com\/?s={search_term_string}\"},\"query-input\":{\"@type\":\"PropertyValueSpecification\",\"valueRequired\":true,\"valueName\":\"search_term_string\"}}],\"inLanguage\":\"en-US\"},{\"@type\":\"Organization\",\"@id\":\"https:\/\/turaventur.com\/#organization\",\"name\":\"Turaventur\",\"url\":\"https:\/\/turaventur.com\/\",\"logo\":{\"@type\":\"ImageObject\",\"inLanguage\":\"en-US\",\"@id\":\"https:\/\/turaventur.com\/#\/schema\/logo\/image\/\",\"url\":\"https:\/\/turaventur.com\/wp-content\/uploads\/2019\/03\/logotipo-tur.png\",\"contentUrl\":\"https:\/\/turaventur.com\/wp-content\/uploads\/2019\/03\/logotipo-tur.png\",\"width\":424,\"height\":93,\"caption\":\"Turaventur\"},\"image\":{\"@id\":\"https:\/\/turaventur.com\/#\/schema\/logo\/image\/\"},\"sameAs\":[\"https:\/\/www.instagram.com\/turaventur\/?hl=pt\"]}]}<\/script>\n<!-- \/ Yoast SEO plugin. -->","yoast_head_json":{"title":"Tours gastron\u00f3micos - desafio ao paladar e aos outros sentidos","description":"Tours gastron\u00f3micos - da terra \u00e0 mesa, do produtor \u00e0 sua casa. Visite, aprenda, cheire, prove. Tours em carrinha ou em bicicleta el\u00e9trica.","robots":{"index":"index","follow":"follow","max-snippet":"max-snippet:-1","max-image-preview":"max-image-preview:large","max-video-preview":"max-video-preview:-1"},"canonical":"https:\/\/turaventur.com\/en\/tours\/tours-gastronomicos\/","og_locale":"en_US","og_type":"article","og_title":"Tours gastron\u00f3micos - desafio ao paladar e aos outros sentidos","og_description":"Tours gastron\u00f3micos - da terra \u00e0 mesa, do produtor \u00e0 sua casa. Visite, aprenda, cheire, prove. Tours em carrinha ou em bicicleta el\u00e9trica.","og_url":"https:\/\/turaventur.com\/en\/tours\/tours-gastronomicos\/","og_site_name":"Turaventur","article_modified_time":"2024-08-08T15:13:30+00:00","og_image":[{"width":3872,"height":2592,"url":"https:\/\/turaventur.com\/wp-content\/uploads\/2019\/03\/campatri-20.jpg","type":"image\/jpeg"}],"twitter_card":"summary_large_image","twitter_misc":{"Est. reading time":"1 minute"},"schema":{"@context":"https:\/\/schema.org","@graph":[{"@type":"WebPage","@id":"https:\/\/turaventur.com\/en\/tours\/tours-gastronomicos\/","url":"https:\/\/turaventur.com\/en\/tours\/tours-gastronomicos\/","name":"Tours gastron\u00f3micos - desafio ao paladar e aos outros sentidos","isPartOf":{"@id":"https:\/\/turaventur.com\/#website"},"primaryImageOfPage":{"@id":"https:\/\/turaventur.com\/en\/tours\/tours-gastronomicos\/#primaryimage"},"image":{"@id":"https:\/\/turaventur.com\/en\/tours\/tours-gastronomicos\/#primaryimage"},"thumbnailUrl":"https:\/\/turaventur.com\/wp-content\/uploads\/2019\/03\/campatri-20.jpg","datePublished":"2021-02-09T10:02:11+00:00","dateModified":"2024-08-08T15:13:30+00:00","description":"Tours gastron\u00f3micos - da terra \u00e0 mesa, do produtor \u00e0 sua casa. Visite, aprenda, cheire, prove. Tours em carrinha ou em bicicleta el\u00e9trica.","breadcrumb":{"@id":"https:\/\/turaventur.com\/en\/tours\/tours-gastronomicos\/#breadcrumb"},"inLanguage":"en-US","potentialAction":[{"@type":"ReadAction","target":["https:\/\/turaventur.com\/en\/tours\/tours-gastronomicos\/"]}]},{"@type":"ImageObject","inLanguage":"en-US","@id":"https:\/\/turaventur.com\/en\/tours\/tours-gastronomicos\/#primaryimage","url":"https:\/\/turaventur.com\/wp-content\/uploads\/2019\/03\/campatri-20.jpg","contentUrl":"https:\/\/turaventur.com\/wp-content\/uploads\/2019\/03\/campatri-20.jpg","width":3872,"height":2592},{"@type":"BreadcrumbList","@id":"https:\/\/turaventur.com\/en\/tours\/tours-gastronomicos\/#breadcrumb","itemListElement":[{"@type":"ListItem","position":1,"name":"In\u00edcio","item":"https:\/\/turaventur.com\/en\/home\/"},{"@type":"ListItem","position":2,"name":"Loja","item":"https:\/\/turaventur.com\/loja\/"},{"@type":"ListItem","position":3,"name":"Farm to Table"}]},{"@type":"WebSite","@id":"https:\/\/turaventur.com\/#website","url":"https:\/\/turaventur.com\/","name":"Turaventur","description":"Aventura e Turismo, LDA.","publisher":{"@id":"https:\/\/turaventur.com\/#organization"},"potentialAction":[{"@type":"SearchAction","target":{"@type":"EntryPoint","urlTemplate":"https:\/\/turaventur.com\/?s={search_term_string}"},"query-input":{"@type":"PropertyValueSpecification","valueRequired":true,"valueName":"search_term_string"}}],"inLanguage":"en-US"},{"@type":"Organization","@id":"https:\/\/turaventur.com\/#organization","name":"Turaventur","url":"https:\/\/turaventur.com\/","logo":{"@type":"ImageObject","inLanguage":"en-US","@id":"https:\/\/turaventur.com\/#\/schema\/logo\/image\/","url":"https:\/\/turaventur.com\/wp-content\/uploads\/2019\/03\/logotipo-tur.png","contentUrl":"https:\/\/turaventur.com\/wp-content\/uploads\/2019\/03\/logotipo-tur.png","width":424,"height":93,"caption":"Turaventur"},"image":{"@id":"https:\/\/turaventur.com\/#\/schema\/logo\/image\/"},"sameAs":["https:\/\/www.instagram.com\/turaventur\/?hl=pt"]}]}},"_links":{"self":[{"href":"https:\/\/turaventur.com\/en\/wp-json\/wp\/v2\/product\/7377","targetHints":{"allow":["GET"]}}],"collection":[{"href":"https:\/\/turaventur.com\/en\/wp-json\/wp\/v2\/product"}],"about":[{"href":"https:\/\/turaventur.com\/en\/wp-json\/wp\/v2\/types\/product"}],"replies":[{"embeddable":true,"href":"https:\/\/turaventur.com\/en\/wp-json\/wp\/v2\/comments?post=7377"}],"version-history":[{"count":8,"href":"https:\/\/turaventur.com\/en\/wp-json\/wp\/v2\/product\/7377\/revisions"}],"predecessor-version":[{"id":21138,"href":"https:\/\/turaventur.com\/en\/wp-json\/wp\/v2\/product\/7377\/revisions\/21138"}],"wp:featuredmedia":[{"embeddable":true,"href":"https:\/\/turaventur.com\/en\/wp-json\/wp\/v2\/media\/5098"}],"wp:attachment":[{"href":"https:\/\/turaventur.com\/en\/wp-json\/wp\/v2\/media?parent=7377"}],"wp:term":[{"taxonomy":"product_brand","embeddable":true,"href":"https:\/\/turaventur.com\/en\/wp-json\/wp\/v2\/product_brand?post=7377"},{"taxonomy":"product_cat","embeddable":true,"href":"https:\/\/turaventur.com\/en\/wp-json\/wp\/v2\/product_cat?post=7377"},{"taxonomy":"product_tag","embeddable":true,"href":"https:\/\/turaventur.com\/en\/wp-json\/wp\/v2\/product_tag?post=7377"}],"curies":[{"name":"wp","href":"https:\/\/api.w.org\/{rel}","templated":true}]}}